{"id":2031,"date":"2023-03-13T12:10:12","date_gmt":"2023-03-13T17:10:12","guid":{"rendered":"https:\/\/syhpllc.com\/?page_id=2031"},"modified":"2023-04-02T14:32:44","modified_gmt":"2023-04-02T19:32:44","slug":"family-based-immigration","status":"publish","type":"page","link":"https:\/\/syhpllc.com\/es\/family-based-immigration\/","title":{"rendered":"Petici\u00f3n de inmigraci\u00f3n basada en la familia"},"content":{"rendered":"<div data-elementor-type=\"wp-post\" data-elementor-id=\"2031\" class=\"elementor elementor-2031\" data-elementor-settings=\"{&quot;ha_cmc_init_switcher&quot;:&quot;no&quot;}\">\n\t\t\t\t\t\t<section class=\"elementor-section elementor-top-section elementor-element elementor-element-429ec73 elementor-section-boxed elementor-section-height-default elementor-section-height-default\" data-id=\"429ec73\" data-element_type=\"section\" data-e-type=\"section\" data-settings=\"{&quot;background_background&quot;:&quot;classic&quot;,&quot;_ha_eqh_enable&quot;:false}\">\n\t\t\t\t\t\t\t<div class=\"elementor-background-overlay\"><\/div>\n\t\t\t\t\t\t\t<div class=\"elementor-container elementor-column-gap-wide\">\n\t\t\t\t\t<div class=\"elementor-column elementor-col-100 elementor-top-column elementor-element elementor-element-097e733\" data-id=\"097e733\" data-element_type=\"column\" data-e-type=\"column\">\n\t\t\t<div class=\"elementor-widget-wrap elementor-element-populated\">\n\t\t\t\t\t\t<div class=\"elementor-element elementor-element-2d4b0ac elementor-widget elementor-widget-heading\" data-id=\"2d4b0ac\" data-element_type=\"widget\" data-e-type=\"widget\" data-widget_type=\"heading.default\">\n\t\t\t\t<div class=\"elementor-widget-container\">\n\t\t\t\t\t<h1 class=\"elementor-heading-title elementor-size-default\">Family-Based Immigration<\/h1>\t\t\t\t<\/div>\n\t\t\t\t<\/div>\n\t\t\t\t\t<\/div>\n\t\t<\/div>\n\t\t\t\t\t<\/div>\n\t\t<\/section>\n\t\t\t\t<section class=\"elementor-section elementor-top-section elementor-element elementor-element-9482db1 elementor-section-boxed elementor-section-height-default elementor-section-height-default\" data-id=\"9482db1\" data-element_type=\"section\" data-e-type=\"section\" data-settings=\"{&quot;_ha_eqh_enable&quot;:false}\">\n\t\t\t\t\t\t<div class=\"elementor-container elementor-column-gap-default\">\n\t\t\t\t\t<div class=\"elementor-column elementor-col-100 elementor-top-column elementor-element elementor-element-77662f6\" data-id=\"77662f6\" data-element_type=\"column\" data-e-type=\"column\">\n\t\t\t<div class=\"elementor-widget-wrap elementor-element-populated\">\n\t\t\t\t\t\t<div class=\"elementor-element elementor-element-2df5c5c elementor-drop-cap-yes elementor-drop-cap-view-default elementor-widget elementor-widget-text-editor\" data-id=\"2df5c5c\" data-element_type=\"widget\" data-e-type=\"widget\" data-settings=\"{&quot;drop_cap&quot;:&quot;yes&quot;}\" data-widget_type=\"text-editor.default\">\n\t\t\t\t<div class=\"elementor-widget-container\">\n\t\t\t\t\t\t\t\t\t<p><span style=\"font-weight: 400;\">La inmigraci\u00f3n basada en la familia puede parecer una simple pr\u00e1ctica de agencia, pero est\u00e1 llena de trampas y complicaciones. Si nunca ha o\u00eddo hablar de C.S.P.A., edad de salida, siguiente para unirse, 245(i) elegibilidad de abuelo, carga cruzada, beneficiarios derivados, prohibici\u00f3n permanente, inadmisibilidad, exenciones debido a dificultades extremas, inelegibilidad de carga p\u00fablica, unidad familiar, v\u00edctimas de violencia familiar, TPS, inadmisibilidad penal y prolongada, etc., no tiene idea de c\u00f3mo las pr\u00e1cticas de inmigraci\u00f3n basadas en la familia pueden ser tan complicadas y complicadas.<\/span><\/p><p class=\"translation-block\"><span style=\"font-weight: 400\">Estad\u00edsticamente, alrededor del <strong>70%-80%<\/strong> de nuestros casos de inmigraci\u00f3n basados en la familia involucraron uno o m\u00e1s problemas complicados mencionados anteriormente. Por lo tanto, para presentar de manera competente una solicitud basada en la familia, debe conocer su elegibilidad y los alivios disponibles antes de abrir una lata de gusanos.<\/span><\/p>\t\t\t\t\t\t\t\t<\/div>\n\t\t\t\t<\/div>\n\t\t\t\t\t<\/div>\n\t\t<\/div>\n\t\t\t\t\t<\/div>\n\t\t<\/section>\n\t\t\t\t<section class=\"elementor-section elementor-top-section elementor-element elementor-element-3a9feae elementor-section-boxed elementor-section-height-default elementor-section-height-default\" data-id=\"3a9feae\" data-element_type=\"section\" data-e-type=\"section\" data-settings=\"{&quot;_ha_eqh_enable&quot;:false}\">\n\t\t\t\t\t\t<div class=\"elementor-container elementor-column-gap-default\">\n\t\t\t\t\t<div class=\"elementor-column elementor-col-100 elementor-top-column elementor-element elementor-element-6599f81\" data-id=\"6599f81\" data-element_type=\"column\" data-e-type=\"column\">\n\t\t\t<div class=\"elementor-widget-wrap elementor-element-populated\">\n\t\t\t\t\t\t<div class=\"elementor-element elementor-element-43b4120 elementor-widget elementor-widget-heading\" data-id=\"43b4120\" data-element_type=\"widget\" data-e-type=\"widget\" data-widget_type=\"heading.default\">\n\t\t\t\t<div class=\"elementor-widget-container\">\n\t\t\t\t\t<h2 class=\"elementor-heading-title elementor-size-default\">\u00bfQui\u00e9n es elegible para la inmigraci\u00f3n basada en la familia?<\/h2>\t\t\t\t<\/div>\n\t\t\t\t<\/div>\n\t\t\t\t<div class=\"elementor-element elementor-element-05b4d98 elementor-widget elementor-widget-text-editor\" data-id=\"05b4d98\" data-element_type=\"widget\" data-e-type=\"widget\" data-widget_type=\"text-editor.default\">\n\t\t\t\t<div class=\"elementor-widget-container\">\n\t\t\t\t\t\t\t\t\t<p><b>De acuerdo con USCIS y la Ley de Inmigraci\u00f3n y Nacionalidad, I.N.A. Inmigraci\u00f3n basada en la familia separada con:<\/b><\/p><p><b>1. Familiares Inmediatos (sin Limitaci\u00f3n de Cuota), Casos de la Secci\u00f3n 201:<\/b><\/p><ul><li><span style=\"font-weight: 400;\">El c\u00f3nyuge de un ciudadano estadounidense;<\/span><\/li><li><span style=\"font-weight: 400;\">El hijo soltero menor de 21 a\u00f1os de edad de un ciudadano estadounidense; o<\/span><\/li><li><span style=\"font-weight: 400;\">Los padres de un ciudadano estadounidense.<\/span><\/li><\/ul><p><b>2. Preferencia de cuota, o casos del art\u00edculo 203:<\/b><\/p><ul><li><span style=\"font-weight: 400;\">Primera preferencia (F1) \u2013 hijos e hijas de ciudadanos estadounidenses, que sean solteros(as) y tengan 21 a\u00f1os de edad o m\u00e1s;<\/span><\/li><li><span style=\"font-weight: 400;\">Segunda preferencia (F2A) \u2013 c\u00f3nyuges e hijos (solteros, menores de 21 a\u00f1os de edad) de residentes permanentes legales;<\/span><\/li><li><span style=\"font-weight: 400;\">Segunda preferencia (F2B) \u2013 hijos e hijas solteras, de 21 a\u00f1os de edad, de residentes permanentes legales;<\/span><\/li><li><span style=\"font-weight: 400;\">Tercera (F3) \u2013 hijos e hijas casados de ciudadanos estadounidenses; y<\/span><\/li><li><span style=\"font-weight: 400;\">Cuarta preferencia (F4) \u2013 hermanos y hermanas de ciudadanos estadounidenses si el ciudadano estadounidense tiene 21 a\u00f1os de edad o m\u00e1s.<\/span><\/li><\/ul><p class=\"translation-block\">Estas cuotas fueron publicadas por el gobierno de los EE. UU., el bolet\u00edn de visas del Departamento de Estado de los EE. UU., aplicadas globalmente, en funci\u00f3n del pa\u00eds de origen del beneficiario, no de su pa\u00eds de ciudadan\u00eda. La cuota cambia de mes a mes, por cada pa\u00eds. Para obtener m\u00e1s detalles, consulte el <span style=\"text-decoration: underline\"><a href=\"https:\/\/travel.state.gov\/content\/travel\/en\/legal\/visa-law0\/visa-bulletin .html\" target=\"_self\">Bolet\u00edn de visas<\/a><\/span>.<\/p>\t\t\t\t\t\t\t\t<\/div>\n\t\t\t\t<\/div>\n\t\t\t\t\t<\/div>\n\t\t<\/div>\n\t\t\t\t\t<\/div>\n\t\t<\/section>\n\t\t\t\t<section class=\"elementor-section elementor-top-section elementor-element elementor-element-7fc9176 elementor-section-boxed elementor-section-height-default elementor-section-height-default\" data-id=\"7fc9176\" data-element_type=\"section\" data-e-type=\"section\" data-settings=\"{&quot;_ha_eqh_enable&quot;:false}\">\n\t\t\t\t\t\t<div class=\"elementor-container elementor-column-gap-default\">\n\t\t\t\t\t<div class=\"elementor-column elementor-col-100 elementor-top-column elementor-element elementor-element-6f7ee30\" data-id=\"6f7ee30\" data-element_type=\"column\" data-e-type=\"column\">\n\t\t\t<div class=\"elementor-widget-wrap elementor-element-populated\">\n\t\t\t\t\t\t<div class=\"elementor-element elementor-element-1c9d9c1 elementor-widget elementor-widget-heading\" data-id=\"1c9d9c1\" data-element_type=\"widget\" data-e-type=\"widget\" data-widget_type=\"heading.default\">\n\t\t\t\t<div class=\"elementor-widget-container\">\n\t\t\t\t\t<h2 class=\"elementor-heading-title elementor-size-default\">Visas para Prometidos(as) de Ciudadanos Estadounidenses (visas de no inmigraci\u00f3n)<\/h2>\t\t\t\t<\/div>\n\t\t\t\t<\/div>\n\t\t\t\t<div class=\"elementor-element elementor-element-47167e6 elementor-widget elementor-widget-text-editor\" data-id=\"47167e6\" data-element_type=\"widget\" data-e-type=\"widget\" data-widget_type=\"text-editor.default\">\n\t\t\t\t<div class=\"elementor-widget-container\">\n\t\t\t\t\t\t\t\t\t<p><span style=\"font-weight: 400;\">Visas para Prometidos(as) se subclasifican en 4 tipos:<\/span><\/p><ul><li><span style=\"font-weight: 400;\">K1 \u2013 Prometido(a) soltero(a)\u00a0<\/span><\/li><li><span style=\"font-weight: 400;\">K2: hijo soltero (menor de 21 a\u00f1os) del titular de la visa K1<\/span><\/li><li><span style=\"font-weight: 400;\">K3 - Esposo casado(a) de un ciudadano(a) estadounidense que vive en el extranjero<\/span><\/li><li><span style=\"font-weight: 400;\">K4 \u2013 Hijo soltero (menor de 21 a\u00f1os) del titular de la visa K3<\/span><\/li><\/ul><p><span style=\"font-weight: 400;\">La visa K de prometido(a) no se puede cambiar despu\u00e9s de ingresar a los Estados Unidos y el titular de la visa debe casarse con el peticionario dentro de los 90 d\u00edas o salir de los EE. estado\". Una vez que haya ingresado a los EE. UU. (admitido), tambi\u00e9n puede solicitar un permiso de trabajo y un documento de viaje, si as\u00ed lo desea.<\/span><\/p>\t\t\t\t\t\t\t\t<\/div>\n\t\t\t\t<\/div>\n\t\t\t\t\t<\/div>\n\t\t<\/div>\n\t\t\t\t\t<\/div>\n\t\t<\/section>\n\t\t\t\t<section class=\"elementor-section elementor-top-section elementor-element elementor-element-f954608 elementor-section-boxed elementor-section-height-default elementor-section-height-default\" data-id=\"f954608\" data-element_type=\"section\" data-e-type=\"section\" data-settings=\"{&quot;_ha_eqh_enable&quot;:false}\">\n\t\t\t\t\t\t<div class=\"elementor-container elementor-column-gap-default\">\n\t\t\t\t\t<div class=\"elementor-column elementor-col-100 elementor-top-column elementor-element elementor-element-379c961\" data-id=\"379c961\" data-element_type=\"column\" data-e-type=\"column\">\n\t\t\t<div class=\"elementor-widget-wrap elementor-element-populated\">\n\t\t\t\t\t\t<div class=\"elementor-element elementor-element-18689ab elementor-widget-divider--view-line elementor-widget elementor-widget-divider\" data-id=\"18689ab\" data-element_type=\"widget\" data-e-type=\"widget\" data-widget_type=\"divider.default\">\n\t\t\t\t<div class=\"elementor-widget-container\">\n\t\t\t\t\t\t\t<div class=\"elementor-divider\">\n\t\t\t<span class=\"elementor-divider-separator\">\n\t\t\t\t\t\t<\/span>\n\t\t<\/div>\n\t\t\t\t\t\t<\/div>\n\t\t\t\t<\/div>\n\t\t\t\t\t<\/div>\n\t\t<\/div>\n\t\t\t\t\t<\/div>\n\t\t<\/section>\n\t\t\t\t<section class=\"elementor-section elementor-top-section elementor-element elementor-element-33b41fc elementor-section-boxed elementor-section-height-default elementor-section-height-default\" data-id=\"33b41fc\" data-element_type=\"section\" data-e-type=\"section\">\n\t\t\t\t\t\t<div class=\"elementor-container elementor-column-gap-default\">\n\t\t\t\t\t<div class=\"elementor-column elementor-col-50 elementor-top-column elementor-element elementor-element-00c6031\" data-id=\"00c6031\" data-element_type=\"column\" data-e-type=\"column\">\n\t\t\t<div class=\"elementor-widget-wrap elementor-element-populated\">\n\t\t\t\t\t\t<div class=\"elementor-element elementor-element-ae39d80 elementor-widget elementor-widget-heading\" data-id=\"ae39d80\" data-element_type=\"widget\" data-e-type=\"widget\" data-widget_type=\"heading.default\">\n\t\t\t\t<div class=\"elementor-widget-container\">\n\t\t\t\t\t<h2 class=\"elementor-heading-title elementor-size-default\">Casos Exitosos<\/h2>\t\t\t\t<\/div>\n\t\t\t\t<\/div>\n\t\t\t\t<div class=\"elementor-element elementor-element-6c1d706 elementor-view-default elementor-widget elementor-widget-icon\" data-id=\"6c1d706\" data-element_type=\"widget\" data-e-type=\"widget\" data-widget_type=\"icon.default\">\n\t\t\t\t<div class=\"elementor-widget-container\">\n\t\t\t\t\t\t\t<div class=\"elementor-icon-wrapper\">\n\t\t\t<div class=\"elementor-icon\">\n\t\t\t<i aria-hidden=\"true\" class=\"fas fa-quote-left\"><\/i>\t\t\t<\/div>\n\t\t<\/div>\n\t\t\t\t\t\t<\/div>\n\t\t\t\t<\/div>\n\t\t\t\t<div class=\"elementor-element elementor-element-51bc427 elementor-widget elementor-widget-text-editor\" data-id=\"51bc427\" data-element_type=\"widget\" data-e-type=\"widget\" data-widget_type=\"text-editor.default\">\n\t\t\t\t<div class=\"elementor-widget-container\">\n\t\t\t\t\t\t\t\t\t<p>Mi nombre es Maria Isabel Huerta Mendez, entre ilegal a los Estados Unidos en el ano 1998.&nbsp;<\/p><p>Con el tiempo mi hija se hizo ciudadana y gracias a ella pude realizar mi petition de residencia permanente.<\/p><p>Thanks to lawyer Yuen I managed to have my residence and I am happy.&nbsp;<span style=\"font-style: inherit; font-weight: inherit; color: var(--ast-global-color-3);\">Thanks to Attorney Yuen and I highly recommend Attorney Yuen&#8217;s office.<\/span><\/p>\t\t\t\t\t\t\t\t<\/div>\n\t\t\t\t<\/div>\n\t\t\t\t<div class=\"elementor-element elementor-element-1fc6693 elementor-widget elementor-widget-button\" data-id=\"1fc6693\" data-element_type=\"widget\" data-e-type=\"widget\" data-widget_type=\"button.default\">\n\t\t\t\t<div class=\"elementor-widget-container\">\n\t\t\t\t\t\t\t\t\t<div class=\"elementor-button-wrapper\">\n\t\t\t\t\t<a class=\"elementor-button elementor-button-link elementor-size-sm\" href=\"https:\/\/syhpllc.com\/es\/successful-cases-family\/\">\n\t\t\t\t\t\t<span class=\"elementor-button-content-wrapper\">\n\t\t\t\t\t\t\t\t\t<span class=\"elementor-button-text\">Ver m\u00e1s casos<\/span>\n\t\t\t\t\t<\/span>\n\t\t\t\t\t<\/a>\n\t\t\t\t<\/div>\n\t\t\t\t\t\t\t\t<\/div>\n\t\t\t\t<\/div>\n\t\t\t\t\t<\/div>\n\t\t<\/div>\n\t\t\t\t<div class=\"elementor-column elementor-col-50 elementor-top-column elementor-element elementor-element-d6daf2c\" data-id=\"d6daf2c\" data-element_type=\"column\" data-e-type=\"column\">\n\t\t\t<div class=\"elementor-widget-wrap elementor-element-populated\">\n\t\t\t\t\t\t<div class=\"elementor-element elementor-element-5ea2e37 elementor-widget elementor-widget-video\" data-id=\"5ea2e37\" data-element_type=\"widget\" data-e-type=\"widget\" data-settings=\"{&quot;youtube_url&quot;:&quot;https:\\\/\\\/www.youtube.com\\\/watch?v=ITOwmTk67GY&quot;,&quot;video_type&quot;:&quot;youtube&quot;,&quot;controls&quot;:&quot;yes&quot;}\" data-widget_type=\"video.default\">\n\t\t\t\t<div class=\"elementor-widget-container\">\n\t\t\t\t\t\t\t<div class=\"elementor-wrapper elementor-open-inline\">\n\t\t\t<div class=\"elementor-video\"><\/div>\t\t<\/div>\n\t\t\t\t\t\t<\/div>\n\t\t\t\t<\/div>\n\t\t\t\t\t<\/div>\n\t\t<\/div>\n\t\t\t\t\t<\/div>\n\t\t<\/section>\n\t\t\t\t<section class=\"elementor-section elementor-top-section elementor-element elementor-element-d92d3dd elementor-section-boxed elementor-section-height-default elementor-section-height-default\" data-id=\"d92d3dd\" data-element_type=\"section\" data-e-type=\"section\" data-settings=\"{&quot;_ha_eqh_enable&quot;:false}\">\n\t\t\t\t\t\t<div class=\"elementor-container elementor-column-gap-default\">\n\t\t\t\t\t<div class=\"elementor-column elementor-col-100 elementor-top-column elementor-element elementor-element-81c65a2\" data-id=\"81c65a2\" data-element_type=\"column\" data-e-type=\"column\">\n\t\t\t<div class=\"elementor-widget-wrap elementor-element-populated\">\n\t\t\t\t\t\t<div class=\"elementor-element elementor-element-58fab60 elementor-widget-divider--view-line elementor-widget elementor-widget-divider\" data-id=\"58fab60\" data-element_type=\"widget\" data-e-type=\"widget\" data-widget_type=\"divider.default\">\n\t\t\t\t<div class=\"elementor-widget-container\">\n\t\t\t\t\t\t\t<div class=\"elementor-divider\">\n\t\t\t<span class=\"elementor-divider-separator\">\n\t\t\t\t\t\t<\/span>\n\t\t<\/div>\n\t\t\t\t\t\t<\/div>\n\t\t\t\t<\/div>\n\t\t\t\t\t<\/div>\n\t\t<\/div>\n\t\t\t\t\t<\/div>\n\t\t<\/section>\n\t\t\t\t<section class=\"elementor-section elementor-top-section elementor-element elementor-element-811abd6 elementor-section-boxed elementor-section-height-default elementor-section-height-default\" data-id=\"811abd6\" data-element_type=\"section\" data-e-type=\"section\" data-settings=\"{&quot;_ha_eqh_enable&quot;:false}\">\n\t\t\t\t\t\t<div class=\"elementor-container elementor-column-gap-default\">\n\t\t\t\t\t<div class=\"elementor-column elementor-col-100 elementor-top-column elementor-element elementor-element-dee7746\" data-id=\"dee7746\" data-element_type=\"column\" data-e-type=\"column\">\n\t\t\t<div class=\"elementor-widget-wrap elementor-element-populated\">\n\t\t\t\t\t\t<div class=\"elementor-element elementor-element-837f57b elementor-widget elementor-widget-heading\" data-id=\"837f57b\" data-element_type=\"widget\" data-e-type=\"widget\" data-widget_type=\"heading.default\">\n\t\t\t\t<div class=\"elementor-widget-container\">\n\t\t\t\t\t<h3 class=\"elementor-heading-title elementor-size-default\">\u00a1Estamos encantados de ayudarte m\u00e1s!<\/h3>\t\t\t\t<\/div>\n\t\t\t\t<\/div>\n\t\t\t\t<div class=\"elementor-element elementor-element-207b32f elementor-align-center elementor-widget elementor-widget-button\" data-id=\"207b32f\" data-element_type=\"widget\" data-e-type=\"widget\" data-widget_type=\"button.default\">\n\t\t\t\t<div class=\"elementor-widget-container\">\n\t\t\t\t\t\t\t\t\t<div class=\"elementor-button-wrapper\">\n\t\t\t\t\t<a class=\"elementor-button elementor-button-link elementor-size-md\" href=\"https:\/\/syhpllc.com\/es\/contact\/\">\n\t\t\t\t\t\t<span class=\"elementor-button-content-wrapper\">\n\t\t\t\t\t\t\t\t\t<span class=\"elementor-button-text\">Agenda tu Cita<\/span>\n\t\t\t\t\t<\/span>\n\t\t\t\t\t<\/a>\n\t\t\t\t<\/div>\n\t\t\t\t\t\t\t\t<\/div>\n\t\t\t\t<\/div>\n\t\t\t\t\t<\/div>\n\t\t<\/div>\n\t\t\t\t\t<\/div>\n\t\t<\/section>\n\t\t\t\t<\/div>","protected":false},"excerpt":{"rendered":"<p>Family-Based Immigration Family Based Immigration may appear to be simple agency practice, but it is full of traps and complications. If you have never heard of C.S.P.A., age-out, following to join, 245(i) grand-father eligibility, cross chargeability, derivative beneficiaries, permanent bar, inadmissibility, waivers due to extreme hardships, public charge ineligibilities, family unity, victims of a family [&hellip;]<\/p>\n","protected":false},"author":1,"featured_media":0,"parent":0,"menu_order":0,"comment_status":"closed","ping_status":"closed","template":"","meta":{"_coblocks_attr":"","_coblocks_dimensions":"","_coblocks_responsive_height":"","_coblocks_accordion_ie_support":"","_monsterinsights_skip_tracking":false,"_monsterinsights_sitenote_active":false,"_monsterinsights_sitenote_note":"","_monsterinsights_sitenote_category":0,"site-sidebar-layout":"no-sidebar","site-content-layout":"page-builder","ast-site-content-layout":"default","site-content-style":"default","site-sidebar-style":"default","ast-global-header-display":"","ast-banner-title-visibility":"","ast-main-header-display":"","ast-hfb-above-header-display":"","ast-hfb-below-header-display":"","ast-hfb-mobile-header-display":"","site-post-title":"disabled","ast-breadcrumbs-content":"","ast-featured-img":"","footer-sml-layout":"","ast-disable-related-posts":"","theme-transparent-header-meta":"enabled","adv-header-id-meta":"","stick-header-meta":"","header-above-stick-meta":"","header-main-stick-meta":"","header-below-stick-meta":"","astra-migrate-meta-layouts":"default","ast-page-background-enabled":"default","ast-page-background-meta":{"desktop":{"background-color":"","background-image":"","background-repeat":"repeat","background-position":"center center","background-size":"auto","background-attachment":"scroll","background-type":"","background-media":"","overlay-type":"","overlay-color":"","overlay-opacity":"","overlay-gradient":""},"tablet":{"background-color":"","background-image":"","background-repeat":"repeat","background-position":"center center","background-size":"auto","background-attachment":"scroll","background-type":"","background-media":"","overlay-type":"","overlay-color":"","overlay-opacity":"","overlay-gradient":""},"mobile":{"background-color":"","background-image":"","background-repeat":"repeat","background-position":"center center","background-size":"auto","background-attachment":"scroll","background-type":"","background-media":"","overlay-type":"","overlay-color":"","overlay-opacity":"","overlay-gradient":""}},"ast-content-background-meta":{"desktop":{"background-color":"var(--ast-global-color-5)","background-image":"","background-repeat":"repeat","background-position":"center center","background-size":"auto","background-attachment":"scroll","background-type":"","background-media":"","overlay-type":"","overlay-color":"","overlay-opacity":"","overlay-gradient":""},"tablet":{"background-color":"var(--ast-global-color-5)","background-image":"","background-repeat":"repeat","background-position":"center center","background-size":"auto","background-attachment":"scroll","background-type":"","background-media":"","overlay-type":"","overlay-color":"","overlay-opacity":"","overlay-gradient":""},"mobile":{"background-color":"var(--ast-global-color-5)","background-image":"","background-repeat":"repeat","background-position":"center center","background-size":"auto","background-attachment":"scroll","background-type":"","background-media":"","overlay-type":"","overlay-color":"","overlay-opacity":"","overlay-gradient":""}},"footnotes":""},"class_list":["post-2031","page","type-page","status-publish","hentry"],"_links":{"self":[{"href":"https:\/\/syhpllc.com\/es\/wp-json\/wp\/v2\/pages\/2031","targetHints":{"allow":["GET"]}}],"collection":[{"href":"https:\/\/syhpllc.com\/es\/wp-json\/wp\/v2\/pages"}],"about":[{"href":"https:\/\/syhpllc.com\/es\/wp-json\/wp\/v2\/types\/page"}],"author":[{"embeddable":true,"href":"https:\/\/syhpllc.com\/es\/wp-json\/wp\/v2\/users\/1"}],"replies":[{"embeddable":true,"href":"https:\/\/syhpllc.com\/es\/wp-json\/wp\/v2\/comments?post=2031"}],"version-history":[{"count":74,"href":"https:\/\/syhpllc.com\/es\/wp-json\/wp\/v2\/pages\/2031\/revisions"}],"predecessor-version":[{"id":3353,"href":"https:\/\/syhpllc.com\/es\/wp-json\/wp\/v2\/pages\/2031\/revisions\/3353"}],"wp:attachment":[{"href":"https:\/\/syhpllc.com\/es\/wp-json\/wp\/v2\/media?parent=2031"}],"curies":[{"name":"wp","href":"https:\/\/api.w.org\/{rel}","templated":true}]}}